{"id":4069,"date":"2020-11-08T00:13:23","date_gmt":"2020-11-07T23:13:23","guid":{"rendered":"https:\/\/www.vilisto.de\/element-auszeichnungen\/"},"modified":"2021-01-14T09:54:16","modified_gmt":"2021-01-14T08:54:16","slug":"element-auszeichnungen","status":"publish","type":"page","link":"https:\/\/backup.www.vilisto.de\/en\/element-auszeichnungen\/","title":{"rendered":"Element Auszeichnungen"},"content":{"rendered":"<div id='auszeichnungen'  class='avia-section av-kgjc08mb-a62ff5b9a2305ca9f2cb1415848a77c3 alternate_color avia-section-huge avia-no-border-styling  avia-builder-el-0  avia-builder-el-no-sibling  avia-bg-style-scroll container_wrap sidebar_right'  ><div class='container av-section-cont-open' ><main  role=\"main\" itemprop=\"mainContentOfPage\"  class='template-page content  av-content-small alpha units'><div class='post-entry post-entry-type-page post-entry-4069'><div class='entry-content-wrapper clearfix'>\n<div class='flex_column_table av-kgtcmbl1-aa4a64fbd873e7e84893e315d403d4fc sc-av_one_full av-equal-height-column-flextable'>\n<style type=\"text\/css\" data-created_by=\"avia_inline_auto\" id=\"style-css-av-kgtcmbl1-aa4a64fbd873e7e84893e315d403d4fc\">\n.flex_column.av-kgtcmbl1-aa4a64fbd873e7e84893e315d403d4fc{\nborder-radius:0px 0px 0px 0px;\npadding:0px 0px 0px 0px;\n}\n<\/style>\n<div  class='flex_column av-kgtcmbl1-aa4a64fbd873e7e84893e315d403d4fc av_one_full  avia-builder-el-1  avia-builder-el-no-sibling  first flex_column_table_cell av-equal-height-column av-align-middle av-zero-column-padding  '     ><section  class='av_textblock_section av-kgtclvxv-aca48f640a5dfa41862b59336199a8bd '   itemscope=\"itemscope\" itemtype=\"https:\/\/schema.org\/CreativeWork\" ><div class='avia_textblock'  itemprop=\"text\" ><h2 style=\"text-align: center;\">Our awards<\/h2>\n<\/div><\/section><br \/>\n<div  class='avia-logo-element-container av-kh1rhxun-75215676fb6c267c60096a724c11b6aa av-border-deactivate avia-logo-grid avia-content-slider avia-smallarrow-slider avia-content-grid-active noHover avia-content-slider-odd  avia-builder-el-3  el_after_av_textblock  avia-builder-el-last  avia-content-slider1' ><div class='avia-smallarrow-slider-heading  no-logo-slider-heading '><div class='new-special-heading'>&nbsp;<\/div><\/div><div class=\"avia-content-slider-inner\"><div class=\"slide-entry-wrap\"><div data-avia-tooltip=\"Hessischer Staatspreis f\u00fcr innovative Energiel\u00f6sungen 2020\" class='slide-entry av-e0ay0-578e9d60184935b9e4fd9f313af7c7d1 flex_column no_margin av_one_fifth real-thumbnail post-entry slide-entry-overview slide-loop-1 slide-parity-odd  first'><a href=\"https:\/\/www.hessischer-staatspreis-energie.de\/preistraeger\/2020\/smarte-schule-effizienz-durch-digitalisierung-der-heizungstechnik\/\" data-rel=\"slide-1\" class=\"slide-image\" title=\"\" target=\"_blank\" rel=\"noopener noreferrer\"><span class='av-partner-fake-img' style='padding-bottom:62.5615763547%; background-image:url(https:\/\/backup.www.vilisto.de\/wp-content\/uploads\/2020\/12\/Hessischer_Staatspreis_Logo.jpg);'><\/span><\/a><\/div><div data-avia-tooltip=\"IKU Der Innovationspreis f\u00fcr Klima und Umwelt 2020 \" class='slide-entry av-8nw8w-b1ebd8b34e7d8c3e40dd9511906a99d7 flex_column no_margin av_one_fifth real-thumbnail post-entry slide-entry-overview slide-loop-2 slide-parity-even  '><a href=\"https:\/\/www.bmu.de\/pressemitteilung\/sieben-unternehmen-erhalten-deutschen-innovationspreis-fuer-klima-und-umwelt\/\" data-rel=\"slide-1\" class=\"slide-image\" title=\"\" target=\"_blank\" rel=\"noopener noreferrer\"><span class='av-partner-fake-img' style='padding-bottom:62.5615763547%; background-image:url(https:\/\/backup.www.vilisto.de\/wp-content\/uploads\/2020\/11\/vilisto-auszeichnungen-0.jpg);'><\/span><\/a><\/div><div data-avia-tooltip=\"PERPETUUM 2019 Energieeffizienzpreis \" class='slide-entry av-s07u6-44e1f556e04eed52a74dc7682f2ff59f flex_column no_margin av_one_fifth real-thumbnail post-entry slide-entry-overview slide-loop-3 slide-parity-odd  '><a href=\"https:\/\/www.deneff.org\/inhalte\/aktuelles-detailansicht\/archive\/2019\/11\/april\/article\/perpetuum-2019-energieeffizienzpreis-geht-an-vilisto-und-ecoworks.html\" data-rel=\"slide-1\" class=\"slide-image\" title=\"\" target=\"_blank\" rel=\"noopener noreferrer\"><span class='av-partner-fake-img' style='padding-bottom:62.5615763547%; background-image:url(https:\/\/backup.www.vilisto.de\/wp-content\/uploads\/2020\/11\/vilisto-auszeichnungen-1.jpg);'><\/span><\/a><\/div><div data-avia-tooltip=\"Bundesverband Erneuerbare Energie e.V., Newcomer des Jahres 2019 \" class='slide-entry av-vwrs-af095ac7dd790f6800a530e4477e9ad3 flex_column no_margin av_one_fifth real-thumbnail post-entry slide-entry-overview slide-loop-4 slide-parity-even  '><a href=\"https:\/\/www.bee-ev.de\/presse\/mitteilungen\/detailansicht\/vilisto-als-newcomer-des-jahres-2019-ausgezeichnet\" data-rel=\"slide-1\" class=\"slide-image\" title=\"\" target=\"_blank\" rel=\"noopener noreferrer\"><span class='av-partner-fake-img' style='padding-bottom:62.5615763547%; background-image:url(https:\/\/backup.www.vilisto.de\/wp-content\/uploads\/2020\/11\/vilisto-auszeichnungen-2.jpg);'><\/span><\/a><\/div><div data-avia-tooltip=\"EnergieOlympiade 2019 Schleswig-Holstein, Preistr\u00e4ger Gemeine Henstedt-Ulzburg dank der Einf\u00fchrung des digitalen W\u00e4rmemanagements von vilisto \" class='slide-entry av-9xzyw-ba2fd82345d0f1af90bda89b0fb572ea flex_column no_margin av_one_fifth real-thumbnail post-entry slide-entry-overview slide-loop-5 slide-parity-odd  '><a href=\"https:\/\/www.energieolympiade.de\/fileadmin\/usr\/PDFs\/13Juni2019_SiegerehrungEnergieOlympiade_finaleFassung.pdf\" data-rel=\"slide-1\" class=\"slide-image\" title=\"\" target=\"_blank\" rel=\"noopener noreferrer\"><span class='av-partner-fake-img' style='padding-bottom:62.5615763547%; background-image:url(https:\/\/backup.www.vilisto.de\/wp-content\/uploads\/2020\/11\/vilisto-auszeichnungen-3.jpg);'><\/span><\/a><\/div><\/div><div class=\"slide-entry-wrap\"><div data-avia-tooltip=\"Handelsblatt University Innovation Challenge 2018, Gewinner FUTURE LIVING \" class='slide-entry av-81m8m-dcc2addb14db3188455d75572ea67467 flex_column no_margin av_one_fifth real-thumbnail post-entry slide-entry-overview slide-loop-6 slide-parity-odd post-entry-last first'><a href=\"https:\/\/award.handelsblatt.com\/university-challenge\/gewinner-2018\/\" data-rel=\"slide-1\" class=\"slide-image\" title=\"\" target=\"_blank\" rel=\"noopener noreferrer\"><span class='av-partner-fake-img' style='padding-bottom:62.5615763547%; background-image:url(https:\/\/backup.www.vilisto.de\/wp-content\/uploads\/2020\/11\/vilisto-auszeichnungen-4.jpg);'><\/span><\/a><\/div><\/div><\/div><\/div><\/p><\/div><\/div><!--close column table wrapper. Autoclose: 1 --><\/div><\/div><\/main><!-- close content main element --><\/div><\/div><div id='after_section_1'  class='main_color av_default_container_wrap container_wrap sidebar_right'  ><div class='container av-section-cont-open' ><div class='template-page content  av-content-small alpha units'><div class='post-entry post-entry-type-page post-entry-4069'><div class='entry-content-wrapper clearfix'>\n","protected":false},"excerpt":{"rendered":"","protected":false},"author":1,"featured_media":0,"parent":0,"menu_order":0,"comment_status":"closed","ping_status":"closed","template":"","meta":{"_acf_changed":false,"footnotes":""},"acf":[],"_links":{"self":[{"href":"https:\/\/backup.www.vilisto.de\/en\/wp-json\/wp\/v2\/pages\/4069"}],"collection":[{"href":"https:\/\/backup.www.vilisto.de\/en\/wp-json\/wp\/v2\/pages"}],"about":[{"href":"https:\/\/backup.www.vilisto.de\/en\/wp-json\/wp\/v2\/types\/page"}],"author":[{"embeddable":true,"href":"https:\/\/backup.www.vilisto.de\/en\/wp-json\/wp\/v2\/users\/1"}],"replies":[{"embeddable":true,"href":"https:\/\/backup.www.vilisto.de\/en\/wp-json\/wp\/v2\/comments?post=4069"}],"version-history":[{"count":2,"href":"https:\/\/backup.www.vilisto.de\/en\/wp-json\/wp\/v2\/pages\/4069\/revisions"}],"predecessor-version":[{"id":6062,"href":"https:\/\/backup.www.vilisto.de\/en\/wp-json\/wp\/v2\/pages\/4069\/revisions\/6062"}],"wp:attachment":[{"href":"https:\/\/backup.www.vilisto.de\/en\/wp-json\/wp\/v2\/media?parent=4069"}],"curies":[{"name":"wp","href":"https:\/\/api.w.org\/{rel}","templated":true}]}}